{"id":92,"date":"2017-06-14T09:24:51","date_gmt":"2017-06-14T07:24:51","guid":{"rendered":"https:\/\/cse-summerschool.offis.de\/?page_id=92"},"modified":"2017-06-27T13:08:40","modified_gmt":"2017-06-27T11:08:40","slug":"imprint","status":"publish","type":"page","link":"https:\/\/cse-summerschool.offis.de\/index.php\/imprint\/","title":{"rendered":"Impressum\/Imprint"},"content":{"rendered":"<p>Diese Konferenz-Webseite wird betrieben von OFFIS e.V.<\/p>\n<h2>Anschrift<\/h2>\n<p>OFFIS e. V.<br \/>\nEscherweg 2<br \/>\n26121 Oldenburg<br \/>\nTelefon +49 441 9722-0<br \/>\nFax +49 441 9722-102<br \/>\nE-Mail: <a class=\"pep-email\" href=\"mailto:institut@offis.de\">institut@offis.de<\/a><br \/>\nInternet: <a href=\"http:\/\/www.offis.de\/\" target=\"_blank\" rel=\"noopener\">www.offis.de<\/a><\/p>\n<h3>Vertretungsberechtigter Vorstand<\/h3>\n<p>Prof. Dr.-Ing. Wolfgang H. Nebel (Vorsitzender)<\/p>\n<p>Prof. Dr. techn. Susanne Boll-Westermann<\/p>\n<p>Prof. Dr. Werner Damm<\/p>\n<p>Prof. Dr.-Ing. Axel Hahn<\/p>\n<p>Prof. Dr.-Ing. Andreas Hein<\/p>\n<p>Prof. Dr. Sebastian Lehnhoff<\/p>\n<h3>Registergericht<\/h3>\n<p>Amtsgericht Oldenburg<br \/>\nRegisternummer VR 1956<\/p>\n<div id=\"c838\" class=\"csc-default\">\n<div class=\"ALLG\">\n<h3>Umsatzsteuer-Identifikationsnummer (USt-IdNr.)<\/h3>\n<p>DE 811582102<\/p>\n<\/div>\n<\/div>\n<div id=\"c839\" class=\"csc-default\">\n<div class=\"ALLG\">\n<h3>Inhaltlich Verantwortlicher gem\u00e4\u00df \u00a7 55 RStV<\/h3>\n<p>Jochen Meyer<br \/>\nOFFIS e.V.<br \/>\nEscherweg 2<br \/>\n26121 Oldenburg<\/p>\n<\/div>\n<\/div>\n<div id=\"c840\" class=\"csc-default\">\n<div class=\"ALLG\">\n<h3>Haftungshinweis<\/h3>\n<p>Trotz sorgf\u00e4ltiger inhaltlicher Kontrolle \u00fcbernehmen wir keine Haftung f\u00fcr die Inhalte externer Links. F\u00fcr den Inhalt der verlinkten Seiten sind ausschlie\u00dflich deren Betreiber verantwortlich. Die verlinkten Seiten wurden zum Zeitpunkt der Verlinkung auf m\u00f6gliche Rechtsverst\u00f6\u00dfe \u00fcberpr\u00fcft. Rechtswidrige Inhalte waren zum Zeitpunkt der Verlinkung nicht erkennbar. Eine permanente inhaltliche Kontrolle der verlinkten Seiten ist jedoch ohne konkrete Anhaltspunkte einer Rechtsverletzung nicht zumutbar. Bei Bekanntwerden von Rechtsverletzungen werden wir derartige Links umgehend entfernen.<\/p>\n<div id=\"c2942\" class=\"csc-default\">\n<h2>Datenschutz<\/h2>\n<\/div>\n<div id=\"c2943\" class=\"csc-default\">\n<div class=\"ALLG\">\n<div id=\"c3000\" class=\"csc-default\">\n<div class=\"ALLG\">\n<p>Der OFFIS e.V., Escherweg 2, 26121 Oldenburg nimmt den Schutz Ihrer pers\u00f6nlichen Daten sehr ernst. Ihre Daten werden im Rahmen der gesetzlichen Vorschriften gesch\u00fctzt. Personenbezogene Daten werden auf unseren Internetseiten nur im notwendigen Umfang erhoben. In keinem Fall werden die erhobenen Daten verkauft oder aus anderen Gr\u00fcnden an Dritte weitergegeben.<\/p>\n<\/div>\n<\/div>\n<div id=\"c3002\" class=\"csc-default\">\n<h3>Erhebung und Verarbeitung von Daten<\/h3>\n<\/div>\n<div id=\"c3003\" class=\"csc-default\">\n<div class=\"ALLG\">\n<p>Jeder Zugriff auf eine unserer Internetseiten und jeder Abruf einer auf den Internetseiten hinterlegten Datei werden von g\u00e4ngigen Webserver-Log-Dateien protokolliert. Die Speicherung dient internen systembezogenen und statistischen Zwecken. Protokolliert wird u.a.:<\/p>\n<ul>\n<li>welche Datei angefordert wurde,<\/li>\n<li>der Name der Datei,<\/li>\n<li>das Datum und die Uhrzeit der Anforderung,<\/li>\n<li>die \u00fcbertragene Datenmenge,<\/li>\n<li>der Zugriffsstatus (Datei nicht gefunden, Datei \u00fcbertragen etc.),<\/li>\n<li>der Typ des verwendeten Webbrowsers und<\/li>\n<li>die IP-Adresse des Internetseitenbesuchers.<\/li>\n<\/ul>\n<p>S\u00e4mtliche dieser Daten werden ausschlie\u00dflich anonymisiert gespeichert und ausgewertet. Zu diesem Zweck wird die IP-Adresse des Systems, von dem aus die Internetseite oder Datei angefordert wurde, geeignet anonymisiert. Es ist somit weder ein R\u00fcckschluss auf eine bestimmte Person m\u00f6glich, noch erfolgt eine Zusammenf\u00fchrung mit anderen Daten.<\/p>\n<p>Dar\u00fcber hinaus verwenden wir weitere Cookies, um unsere Internetseiten besser auf Ihre W\u00fcnsche ausrichten und um statistische Daten \u00fcber die Nutzung unserer Internetseiten erheben zu k\u00f6nnen. Durch diese Cookies werden keine Daten erhoben, die einen R\u00fcckschluss auf eine bestimmte Person erm\u00f6glich. Auch die Installation dieser Cookies wird durch eine entsprechende Browser-Einstellung verhindert. Einmal gesetzte Cookies k\u00f6nnen Sie jederzeit selbst l\u00f6schen, indem Sie den entsprechenden Men\u00fcpunkt in Ihrem Internet-Browser aufrufen oder die Cookies auf Ihrer Festplatte l\u00f6schen. Einzelheiten hierzu finden Sie im Hilfemen\u00fc Ihres Internet-Browsers.<\/p>\n<p>Weitergehende personenbezogene Daten werden nur erfasst, wenn Sie diese Angaben freiwillig, z.B. im Rahmen einer Anfrage oder Registrierung, machen.<\/p>\n<\/div>\n<\/div>\n<div id=\"c5580\" class=\"csc-default\">\n<h3>Nutzung von Piwik<\/h3>\n<\/div>\n<div id=\"c5582\" class=\"csc-default\">\n<div class=\"ALLG\">Diese Webseite nutzt <a href=\"http:\/\/piwik.org\/\">Piwik<\/a>, eine Open-source Software f\u00fcr Web Analytics. Piwik nutzt \u201cCookies\u201d, kleine Textdateien, die auf Ihrem Ger\u00e4t gespeichert werden, um zu analysieren, wie diese Webseite genutzt wird. Die vom Cookie erzeugte Information \u00fcber Ihre Nutzung dieser Webseite (inklusive der IP-Adresse, die vor der Speicherung anonymisiert wird) wird auf dem Server des Dienstleisters in Deutschland gespeichert. Sie k\u00f6nnen die Nutzung von Cookies durch entsprechende Einstellung Ihres Browsers verhindern. Dies kann jedoch dazu f\u00fchren, dass Sie nicht die volle Funktionalit\u00e4t dieser Webseite nutzen k\u00f6nnen.<\/div>\n<h3>Verwendung der Daten<\/h3>\n<\/div>\n<div id=\"c3005\" class=\"csc-default\">\n<div class=\"ALLG\">\n<p>Wir beachten den Grundsatz der zweckgebundenen Datenverwendung und erheben, verarbeiten und speichern Ihre personenbezogenen Daten nur f\u00fcr die Zwecke, f\u00fcr welche Sie uns diese mitgeteilt haben und f\u00fcr die technische Administration. Eine Weitergabe Ihrer pers\u00f6nlichen Daten an Dritte erfolgt ohne Ihre ausdr\u00fcckliche Einwilligung nicht, sofern dies nicht zur Erbringung der Dienstleistung oder zur Vertragsdurchf\u00fchrung notwendig ist. Auch die \u00dcbermittlung an auskunftsberechtigte staatliche Institution und Beh\u00f6rden erfolgt nur im Rahmen der gesetzlichen Auskunftspflichten oder wenn wir durch eine gerichtliche Entscheidung zur Auskunft verpflichtet werden.<\/p>\n<\/div>\n<\/div>\n<div id=\"c3006\" class=\"csc-default\">\n<h3>Auskunftsrecht<\/h3>\n<\/div>\n<div id=\"c3007\" class=\"csc-default\">\n<div class=\"ALLG\">\n<p>Sie haben jederzeit das Recht auf Auskunft \u00fcber die bez\u00fcglich Ihrer Person gespeicherten Daten, deren Herkunft und Empf\u00e4nger sowie den Zweck der Speicherung. Sie k\u00f6nnen jederzeit Ihre bei uns erhobenen Daten sperren, berichtigen oder l\u00f6schen lassen. Auch k\u00f6nnen Sie jederzeit eine uns erteilte Einwilligung zur Datenerhebung und Verwendung ohne Angaben von Gr\u00fcnden f\u00fcr die Zukunft widerrufen. Wenden Sie sich hierzu bitte an die im Impressum angegebene Kontaktadresse.<\/p>\n<\/div>\n<\/div>\n<div id=\"c3008\" class=\"csc-default\">\n<h3>L\u00f6schung der Daten<\/h3>\n<\/div>\n<div id=\"c3009\" class=\"csc-default\">\n<div class=\"ALLG\">\n<p>Eine L\u00f6schung der gespeicherten personenbezogenen Daten erfolgt, wenn Sie Ihre Einwilligung zur Speicherung widerrufen, wenn deren Kenntnis zur Erf\u00fcllung des mit der Speicherung verfolgten Zwecks nicht mehr erforderlich ist oder wenn deren Speicherung aus sonstigen gesetzlichen Gr\u00fcnden unzul\u00e4ssig ist.<\/p>\n<\/div>\n<\/div>\n<div id=\"c3010\" class=\"csc-default\">\n<h3>\u00c4nderung dieser Datenschutzbestimmungen<\/h3>\n<\/div>\n<div id=\"c3011\" class=\"csc-default\">\n<div class=\"ALLG\">\n<p>Der OFFIS e.V. beh\u00e4lt sich das Recht vor, diese Sicherheits- und Datenschutzma\u00dfnahmen zu ver\u00e4ndern, soweit dies wegen der technischen Entwicklung erforderlich wird. In diesen F\u00e4llen werden wir auch unsere Hinweise zum Datenschutz entsprechend anpassen. Bitte beachten Sie daher die jeweils aktuelle Version unserer Datenschutzerkl\u00e4rung<\/p>\n<\/div>\n<\/div>\n<div id=\"c3012\" class=\"csc-default\">\n<h3>Sicherheitshinweis<\/h3>\n<\/div>\n<div id=\"c3013\" class=\"csc-default\">\n<div class=\"ALLG\">\n<p>Es wird darauf hingewiesen, dass bei der Kommunikation per E Mail die vollst\u00e4ndige Datensicherheit von uns naturgem\u00e4\u00df nicht gew\u00e4hrleistet werden kann.<\/p>\n<\/div>\n<\/div>\n<div id=\"c5137\" class=\"csc-default\">\n<h3>Datenschutzbeauftragter<\/h3>\n<\/div>\n<div id=\"c5138\" class=\"csc-default\">\n<div class=\"ALLG\">\n<p>Unser Datenschutzbeauftragter ist f\u00fcr alle Belange zum Thema Datenschutz bei OFFIS und auf unseren Webseiten zust\u00e4ndig, wenden Sie sich gern mit entsprechenden Fragen oder Eingaben an ihn:<\/p>\n<p>Dr. Uwe Schl\u00e4ger<br \/>\ndatenschutz nord GmbH<br \/>\n<a class=\"external-link-new-window\" title=\"Opens external link in new window\" href=\"http:\/\/www.datenschutz-nord.de\/\" target=\"_blank\" rel=\"noopener\">www.datenschutz-nord.de<\/a><br \/>\n<a class=\"pep-email\" href=\"mailto:office@datenschutz-nord.de\">office@datenschutz-nord.de<\/a><\/p>\n<\/div>\n<\/div>\n<\/div>\n<\/div>\n<p>&nbsp;<\/p>\n<p>&nbsp;<\/p>\n<p><a id=\"imprint_english\"><\/a>This conference website is operated by:<\/p>\n<h2>Address<\/h2>\n<div id=\"c834\" class=\"csc-default\">\n<div class=\"ALLG\">\n<p>OFFIS e. V.<br \/>\nEscherweg 2<br \/>\n26121 Oldenburg<br \/>\nGermany<br \/>\nPhone +49 441 9722-0<br \/>\nFax +49 441 9722-102<br \/>\nEmail: <a class=\"pep-email\" href=\"mailto:institut@offis.de\">institut@offis.de<\/a><br \/>\nInternet: <a href=\"http:\/\/www.offis.de\/\" target=\"_blank\" rel=\"noopener\">www.offis.de<\/a><\/p>\n<\/div>\n<\/div>\n<div id=\"c835\" class=\"csc-default\">\n<div class=\"ALLG\">\n<h3>Board Members<\/h3>\n<p>Prof. Dr.-Ing. Wolfgang H. Nebel (Chairman)<\/p>\n<p>Prof. Dr. techn. Susanne Boll-Westermann<\/p>\n<p>Prof. Dr. Werner Damm<\/p>\n<p>Prof. Dr.-Ing. Axel Hahn<\/p>\n<p>Prof. Dr.-Ing. Andreas Hein<\/p>\n<p>Prof. Dr. Sebastian Lehnhoff<\/p>\n<\/div>\n<\/div>\n<div id=\"c836\" class=\"csc-default\">\n<div class=\"ALLG\">\n<h3>Register Court<\/h3>\n<p>Amtsgericht Oldenburg<br \/>\nRegisternumber VR 1956<\/p>\n<\/div>\n<\/div>\n<div id=\"c838\" class=\"csc-default\">\n<div class=\"ALLG\">\n<h3>VAT Identification Number<\/h3>\n<p>DE 811582102<\/p>\n<\/div>\n<\/div>\n<div id=\"c839\" class=\"csc-default\">\n<div class=\"ALLG\">\n<h3>Responsible in the sense of \u00a7 55 RStV<\/h3>\n<p>Jochen Meyer<br \/>\nOFFIS e.V.<br \/>\nEscherweg 2<br \/>\n26121 Oldenburg<\/p>\n<\/div>\n<\/div>\n<div id=\"c840\" class=\"csc-default\">\n<div class=\"ALLG\">\n<h3>Disclaimer<\/h3>\n<p>Despite careful control OFFIS assumes no liability for the content of external links. The operators of such a website are solely responsible for its content. At the time of linking the concerned sites were checked for possible violations of law. Illegal contents were not identifiable at that time. A permanent control of the linked pages is not reasonable without specific indications of a violation. Upon notification of violations, OFFIS will remove such links immediately.<\/p>\n<\/div>\n<\/div>\n<div id=\"c2999\" class=\"csc-default\">\n<h2>Privacy Policy Statement<\/h2>\n<\/div>\n<div id=\"c3000\" class=\"csc-default\">\n<div class=\"ALLG\">\n<p>With this statement we would like to inform you which data are stored at this site, when the data are stored and how the data are used. All data, without exception, collected during a visit to our web site are processed in accordance with the current German data protection acts. We have taken technical and organizational measures in order to protect your rights.<\/p>\n<p>For further details, we refer to our <a class=\"external-link-new-window\" title=\"Opens external link in new window\" href=\"http:\/\/www.offis.de\/service_navigation\/datenschutz.html\" target=\"_blank\" rel=\"noopener\">privacy policy statement in German language<\/a> which is authoritative.<\/p>\n<\/div>\n<\/div>\n<div id=\"c3002\" class=\"csc-default\">\n<h3>Storage of Data<\/h3>\n<\/div>\n<div id=\"c3003\" class=\"csc-default\">\n<div class=\"ALLG\">\n<p>In order to monitor and evaluate performance and security, our web server temporarily registers the following data when you visit our website<\/p>\n<ul>\n<li>the name of the file being accessed,<\/li>\n<li>the IP address of the client,<\/li>\n<li>the date and time of the access,<\/li>\n<li>the amount of data transmitted,<\/li>\n<li>the retrieval status (file transmitted, file not found, etc.), and<\/li>\n<li>the type of the browser used.<\/li>\n<\/ul>\n<p>The stored data are only used for statistical evaluation and not passed on to a third party in any way.<\/p>\n<\/div>\n<\/div>\n<h3>Piwik<\/h3>\n<p>This website uses <a href=\"http:\/\/piwik.org\/\">Piwik<\/a>, a web analytics open-source software. Piwik uses \u201ccookies\u201d, which are text files placed on your computer, to help the website analyze how users use the site. The information generated by the cookie about your use of the website (including your IP address anonymized prior to its storage) will be stored on the server of the service provider in Germany. You may refuse the use of cookies by selecting the appropriate settings on your browser, however please note that if you do this you may not be able to use the full functionality of this website.<\/p>\n<div id=\"c3004\" class=\"csc-default\">\n<h3>Links to Other Sites and Disclaimer of Liability<\/h3>\n<\/div>\n<div id=\"c3005\" class=\"csc-default\">\n<div class=\"ALLG\">\n<p>The links to pages not hosted by our web server are only provided for your information. We are not responsible for the content, availability, correctness or accuracy of the linked sites, nor for the services, links or advertisements provided therein. We accept no liability for illegal, incorrect or incomplete content on the linked sites nor, in particular, for damages arising from the use or non-use of the information provided<br \/>\nthere.<\/p>\n<p>If you have any questions about this statement, please do not hesitate to contact us.<\/p>\n<\/div>\n<\/div>\n<\/div>\n<\/div>\n","protected":false},"excerpt":{"rendered":"<p>Diese Konferenz-Webseite wird betrieben von OFFIS e.V. Anschrift OFFIS e. V. Escherweg 2 26121 Oldenburg Telefon +49 441 9722-0 Fax +49 441 9722-102 E-Mail: institut@offis.de Internet: www.offis.de Vertretungsberechtigter Vorstand Prof. Dr.-Ing. Wolfgang H. Nebel (Vorsitzender) Prof. Dr. techn. Susanne Boll-Westermann Prof. Dr. Werner Damm Prof. Dr.-Ing. Axel Hahn Prof. Dr.-Ing. Andreas Hein Prof. Dr. Sebastian &hellip; <\/p>\n<p class=\"link-more\"><a href=\"https:\/\/cse-summerschool.offis.de\/index.php\/imprint\/\" class=\"more-link\">Continue reading<span class=\"screen-reader-text\"> &#8220;Impressum\/Imprint&#8221;<\/span><\/a><\/p>\n","protected":false},"author":3,"featured_media":0,"parent":0,"menu_order":0,"comment_status":"closed","ping_status":"closed","template":"","meta":{"footnotes":""},"class_list":["post-92","page","type-page","status-publish","hentry"],"_links":{"self":[{"href":"https:\/\/cse-summerschool.offis.de\/index.php\/wp-json\/wp\/v2\/pages\/92"}],"collection":[{"href":"https:\/\/cse-summerschool.offis.de\/index.php\/wp-json\/wp\/v2\/pages"}],"about":[{"href":"https:\/\/cse-summerschool.offis.de\/index.php\/wp-json\/wp\/v2\/types\/page"}],"author":[{"embeddable":true,"href":"https:\/\/cse-summerschool.offis.de\/index.php\/wp-json\/wp\/v2\/users\/3"}],"replies":[{"embeddable":true,"href":"https:\/\/cse-summerschool.offis.de\/index.php\/wp-json\/wp\/v2\/comments?post=92"}],"version-history":[{"count":4,"href":"https:\/\/cse-summerschool.offis.de\/index.php\/wp-json\/wp\/v2\/pages\/92\/revisions"}],"predecessor-version":[{"id":95,"href":"https:\/\/cse-summerschool.offis.de\/index.php\/wp-json\/wp\/v2\/pages\/92\/revisions\/95"}],"wp:attachment":[{"href":"https:\/\/cse-summerschool.offis.de\/index.php\/wp-json\/wp\/v2\/media?parent=92"}],"curies":[{"name":"wp","href":"https:\/\/api.w.org\/{rel}","templated":true}]}}